{"id":1647,"date":"2023-08-15T19:48:26","date_gmt":"2023-08-15T19:48:26","guid":{"rendered":"https:\/\/shroombarsdc.com\/product\/polkadot-apple-jacks\/"},"modified":"2023-08-15T19:48:26","modified_gmt":"2023-08-15T19:48:26","slug":"polkadot-apple-jacks","status":"publish","type":"product","link":"https:\/\/shroombarsdc.com\/es\/product\/polkadot-apple-jacks\/","title":{"rendered":"Polkadot | Apple Jacks"},"content":{"rendered":"<h2 style=\"text-align: center;\"><strong>VENTA DE CHOCOLATINAS POLKADOT APPLE JACKS MUSHROOM<\/strong><\/h2>\n<p>Barrita de chocolate Polkadot las barritas de chocolate <a href=\"https:\/\/shroombarsdc.com\/es\/\">belga<\/a> seta m\u00e1gica son barritas de chocolate infusionadas con 4 g de mezcla m\u00e1gica. Esta barrita crujiente especa irce aireada, crujientes ligeros cubiertos de rico y cremoso chocolate belga con leche. Equivalente a 4 g de setas psicod\u00e9licas; puedes dosificarte siguiendo la gu\u00eda de dosificaci\u00f3n del lateral del paquete. Venta de barritas de chocolate con setas Polkadot Apple Jacks   <\/p>\n<p>Como una de las medicinas naturales m\u00e1s seguras y antiguas del planeta, se sabe que las ventajas para la salud del chocolate m\u00e1gico disminuyen la depresi\u00f3n y el estr\u00e9s, estimulan el crecimiento de las c\u00e9lulas cerebrales, agudizan los sentidos y aumentan la concentraci\u00f3n. Estas barritas de polkadot son las mejores tanto para una <a href=\"https:\/\/cartsbrand.com\/\" target=\"_blank\" rel=\"noopener\">microdosificaci\u00f3n<\/a> consciente como para una experiencia elevada total, s\u00f3lo depende de c\u00f3mo elijas comerlas. <\/p>\n","protected":false},"excerpt":{"rendered":"<ul>\n<li><strong>4 gramos<\/strong><\/li>\n<\/ul>\n","protected":false},"featured_media":1411,"comment_status":"open","ping_status":"closed","template":"","meta":[],"product_brand":[],"product_cat":[760],"product_tag":[899,824,900,887,901,898],"class_list":{"0":"post-1647","1":"product","2":"type-product","3":"status-publish","4":"has-post-thumbnail","6":"product_cat-sin-categoria","7":"product_tag-comprar-barritas-de-chocolate-polkadot-apple-jacks-4g-champinones-cerca-de-mi","8":"product_tag-comprar-chocolatinas-polkadot-online","9":"product_tag-pedir-barritas-de-chocolate-polkadot-apple-jacks-4g-champinones","10":"product_tag-polkadot-es","11":"product_tag-venta-de-barritas-de-chocolate-polkadot-apple-jacks-4g-champinon-precio-barato","12":"product_tag-venta-de-barritas-de-chocolate-polkadot-apple-jacks-mushroom","14":"first","15":"instock","16":"shipping-taxable","17":"purchasable","18":"product-type-simple"},"_links":{"self":[{"href":"https:\/\/shroombarsdc.com\/es\/wp-json\/wp\/v2\/product\/1647","targetHints":{"allow":["GET"]}}],"collection":[{"href":"https:\/\/shroombarsdc.com\/es\/wp-json\/wp\/v2\/product"}],"about":[{"href":"https:\/\/shroombarsdc.com\/es\/wp-json\/wp\/v2\/types\/product"}],"replies":[{"embeddable":true,"href":"https:\/\/shroombarsdc.com\/es\/wp-json\/wp\/v2\/comments?post=1647"}],"wp:featuredmedia":[{"embeddable":true,"href":"https:\/\/shroombarsdc.com\/es\/wp-json\/wp\/v2\/media\/1411"}],"wp:attachment":[{"href":"https:\/\/shroombarsdc.com\/es\/wp-json\/wp\/v2\/media?parent=1647"}],"wp:term":[{"taxonomy":"product_brand","embeddable":true,"href":"https:\/\/shroombarsdc.com\/es\/wp-json\/wp\/v2\/product_brand?post=1647"},{"taxonomy":"product_cat","embeddable":true,"href":"https:\/\/shroombarsdc.com\/es\/wp-json\/wp\/v2\/product_cat?post=1647"},{"taxonomy":"product_tag","embeddable":true,"href":"https:\/\/shroombarsdc.com\/es\/wp-json\/wp\/v2\/product_tag?post=1647"}],"curies":[{"name":"wp","href":"https:\/\/api.w.org\/{rel}","templated":true}]}}