{"id":1639,"date":"2023-08-15T20:43:43","date_gmt":"2023-08-15T20:43:43","guid":{"rendered":"https:\/\/shroombarsdc.com\/product\/polkadot-fruity-pebbles\/"},"modified":"2023-08-15T20:43:43","modified_gmt":"2023-08-15T20:43:43","slug":"polkadot-fruity-pebbles","status":"publish","type":"product","link":"https:\/\/shroombarsdc.com\/es\/product\/polkadot-fruity-pebbles\/","title":{"rendered":"Polkadot | Fruity Pebbles"},"content":{"rendered":"<h2><strong>\u00a1LAS MEJORES CHOCOLATINAS POLKADOT FRUITY PEBBLES 4G A LA VENTA ONLINE CON ENTREGA GARANTIZADA DC, USA &amp; CANADA!<\/strong><\/h2>\n<p>Barrita de chocolate Polkadot las barritas de chocolate belga seta m\u00e1gica son barritas de chocolate infusionadas con 4 g de mezcla m\u00e1gica. Esta barrita crujiente especa irce aireada, crujientes ligeros cubiertos de rico y cremoso <a href=\"https:\/\/shroombarsdc.com\/es\/product\/polkadot-copos-escarchados\/\">chocolate<\/a> belga con leche. Equivalente a 4 g de setas psicod\u00e9licas; puedes dosificarte siguiendo la gu\u00eda de dosificaci\u00f3n del lateral del envase.  <\/p>\n<p>Como una de las medicinas naturales m\u00e1s seguras y antiguas del planeta, se sabe que las ventajas para la salud del chocolate m\u00e1gico disminuyen la depresi\u00f3n y el estr\u00e9s, estimulan el crecimiento de las c\u00e9lulas cerebrales, agudizan los sentidos y aumentan la concentraci\u00f3n. Estas barritas de Polkadot son ideales tanto para una <a href=\"https:\/\/cartsbrand.com\/\" target=\"_blank\" rel=\"noopener\">microdosificaci\u00f3n<\/a> consciente como para una experiencia totalmente elevada, s\u00f3lo depende de c\u00f3mo elijas comerlas. Venta de barritas de chocolate Polkadot Fruity Pebbles 4g  <\/p>\n","protected":false},"excerpt":{"rendered":"<ul>\n<li><strong>4 gramos<\/strong><\/li>\n<\/ul>\n","protected":false},"featured_media":1417,"comment_status":"open","ping_status":"closed","template":"","meta":[],"product_brand":[],"product_cat":[760],"product_tag":[825,824,867,868,869,870,865],"class_list":{"0":"post-1639","1":"product","2":"type-product","3":"status-publish","4":"has-post-thumbnail","6":"product_cat-sin-categoria","7":"product_tag-barras-de-polkadot","8":"product_tag-comprar-chocolatinas-polkadot-online","9":"product_tag-comprar-polkadot-fruity-pebbles-4g-barritas-de-chocolate-con-setas-cerca-de-mi","10":"product_tag-pedir-polkadot-fruity-pebbles-4g-barritas-de-chocolate-con-setas","11":"product_tag-polkadot-fruity-pebbles-4g-mushroom-chocolate-bars-for-sale-precio-barato","12":"product_tag-venta-de-barritas-de-chocolate-con-setas-polkadot-fruity-pebbles","13":"product_tag-venta-de-barritas-de-chocolate-polkadot-fruity-pebbles-4g","15":"first","16":"instock","17":"shipping-taxable","18":"purchasable","19":"product-type-simple"},"_links":{"self":[{"href":"https:\/\/shroombarsdc.com\/es\/wp-json\/wp\/v2\/product\/1639","targetHints":{"allow":["GET"]}}],"collection":[{"href":"https:\/\/shroombarsdc.com\/es\/wp-json\/wp\/v2\/product"}],"about":[{"href":"https:\/\/shroombarsdc.com\/es\/wp-json\/wp\/v2\/types\/product"}],"replies":[{"embeddable":true,"href":"https:\/\/shroombarsdc.com\/es\/wp-json\/wp\/v2\/comments?post=1639"}],"wp:featuredmedia":[{"embeddable":true,"href":"https:\/\/shroombarsdc.com\/es\/wp-json\/wp\/v2\/media\/1417"}],"wp:attachment":[{"href":"https:\/\/shroombarsdc.com\/es\/wp-json\/wp\/v2\/media?parent=1639"}],"wp:term":[{"taxonomy":"product_brand","embeddable":true,"href":"https:\/\/shroombarsdc.com\/es\/wp-json\/wp\/v2\/product_brand?post=1639"},{"taxonomy":"product_cat","embeddable":true,"href":"https:\/\/shroombarsdc.com\/es\/wp-json\/wp\/v2\/product_cat?post=1639"},{"taxonomy":"product_tag","embeddable":true,"href":"https:\/\/shroombarsdc.com\/es\/wp-json\/wp\/v2\/product_tag?post=1639"}],"curies":[{"name":"wp","href":"https:\/\/api.w.org\/{rel}","templated":true}]}}