{"id":1635,"date":"2023-08-15T20:29:25","date_gmt":"2023-08-15T20:29:25","guid":{"rendered":"https:\/\/shroombarsdc.com\/product\/polkadot-ferrero-rocher-contiene-frutos-secos\/"},"modified":"2023-08-15T20:29:25","modified_gmt":"2023-08-15T20:29:25","slug":"polkadot-ferrero-rocher-contiene-frutos-secos","status":"publish","type":"product","link":"https:\/\/shroombarsdc.com\/es\/product\/polkadot-ferrero-rocher-contiene-frutos-secos\/","title":{"rendered":"Polkadot | Ferrero Rocher (contiene frutos secos)"},"content":{"rendered":"<h2><strong>\u00a1POLKADOT FERRERO ROCHER 4G BARRITAS DE CHOCOLATE CON SETAS EN VENTA AL POR MAYOR CON ENTREGA 100% GARANTIZADA!<\/strong><\/h2>\n<p>Barrita de chocolate Polkadot las barritas <a href=\"https:\/\/shroombarsdc.com\/product\/polkadot-cookie-crisp-4g-mushroom-chocolate-bars-sales\/\">de chocolate<\/a> belga seta m\u00e1gica son barritas de chocolate infusionadas con 4 g de mezcla m\u00e1gica. Esta barrita crujiente especa irce aireada, crujientes ligeros cubiertos de rico y cremoso chocolate belga con leche. Equivalente a 4 g de setas psicod\u00e9licas; puedes dosificarte siguiendo la gu\u00eda de dosificaci\u00f3n del lateral del paquete. Comprar Barritas de Chocolate Polkadot Ferrero Rocher 4g Setas en l\u00ednea   <\/p>\n<p>Como una de las medicinas naturales m\u00e1s seguras y antiguas del planeta, se sabe que las ventajas para la salud del chocolate m\u00e1gico disminuyen la depresi\u00f3n y el estr\u00e9s, estimulan el crecimiento de las c\u00e9lulas cerebrales, agudizan los sentidos y aumentan la concentraci\u00f3n. Estas barritas de polkadot son las mejores tanto para una microdosificaci\u00f3n consciente como para una experiencia elevada total, s\u00f3lo depende de c\u00f3mo <a href=\"https:\/\/cartsbrand.com\/\" target=\"_blank\" rel=\"noopener\">elijas<\/a> comerlas. <\/p>\n","protected":false},"excerpt":{"rendered":"<ul>\n<li><strong>4 gramos<\/strong><\/li>\n<\/ul>\n","protected":false},"featured_media":1415,"comment_status":"open","ping_status":"closed","template":"","meta":[],"product_brand":[],"product_cat":[760],"product_tag":[825,849,846,824,848,844,850],"class_list":{"0":"post-1635","1":"product","2":"type-product","3":"status-publish","4":"has-post-thumbnail","6":"product_cat-sin-categoria","7":"product_tag-barras-de-polkadot","8":"product_tag-barritas-de-chocolate-polkadot-ferrero-rocher-4g-champinon-en-venta-precio-barato","9":"product_tag-comprar-barras-de-chocolate-polkadot-ferrero-rocher-4g-champinon-cerca-de-mi","10":"product_tag-comprar-chocolatinas-polkadot-online","11":"product_tag-pedido-polkadot-ferrero-rocher-4g-barritas-de-chocolate-con-setas","12":"product_tag-polkadot-barritas-de-chocolate-ferrero-rocher-4g-champinon","13":"product_tag-venta-de-tabletas-de-chocolate-polkadot-ferrero-rocher-champinon","15":"first","16":"instock","17":"shipping-taxable","18":"purchasable","19":"product-type-simple"},"_links":{"self":[{"href":"https:\/\/shroombarsdc.com\/es\/wp-json\/wp\/v2\/product\/1635","targetHints":{"allow":["GET"]}}],"collection":[{"href":"https:\/\/shroombarsdc.com\/es\/wp-json\/wp\/v2\/product"}],"about":[{"href":"https:\/\/shroombarsdc.com\/es\/wp-json\/wp\/v2\/types\/product"}],"replies":[{"embeddable":true,"href":"https:\/\/shroombarsdc.com\/es\/wp-json\/wp\/v2\/comments?post=1635"}],"wp:featuredmedia":[{"embeddable":true,"href":"https:\/\/shroombarsdc.com\/es\/wp-json\/wp\/v2\/media\/1415"}],"wp:attachment":[{"href":"https:\/\/shroombarsdc.com\/es\/wp-json\/wp\/v2\/media?parent=1635"}],"wp:term":[{"taxonomy":"product_brand","embeddable":true,"href":"https:\/\/shroombarsdc.com\/es\/wp-json\/wp\/v2\/product_brand?post=1635"},{"taxonomy":"product_cat","embeddable":true,"href":"https:\/\/shroombarsdc.com\/es\/wp-json\/wp\/v2\/product_cat?post=1635"},{"taxonomy":"product_tag","embeddable":true,"href":"https:\/\/shroombarsdc.com\/es\/wp-json\/wp\/v2\/product_tag?post=1635"}],"curies":[{"name":"wp","href":"https:\/\/api.w.org\/{rel}","templated":true}]}}