{"id":1632,"date":"2023-08-15T21:11:40","date_gmt":"2023-08-15T21:11:40","guid":{"rendered":"https:\/\/shroombarsdc.com\/product\/polkadot-snickers\/"},"modified":"2023-08-15T21:11:40","modified_gmt":"2023-08-15T21:11:40","slug":"polkadot-snickers","status":"publish","type":"product","link":"https:\/\/shroombarsdc.com\/es\/product\/polkadot-snickers\/","title":{"rendered":"Polkadot | Snickers"},"content":{"rendered":"<h2 style=\"text-align: center;\"><strong>\u00a1CHOCOLATINAS POLKADOT SNICKERS 4G EN VENTA ONLINE CON ENTREGA 100% GARANTIZADA!<\/strong><\/h2>\n<p>Barrita de chocolate Polkadot las barritas de chocolate belga seta m\u00e1gica son barritas de chocolate <a href=\"https:\/\/shroombarsdc.com\/es\/product\/polkadot-leche\/\">infusionadas<\/a> con 4 g de mezcla m\u00e1gica. Esta barrita crujiente especa irce aireada, crujientes ligeros cubiertos de rico y cremoso chocolate belga con leche. Equivalente a 4 g de setas psicod\u00e9licas; puedes dosificarte siguiendo la gu\u00eda de dosificaci\u00f3n del lateral del paquete. Venta de barritas de chocolate Polkadot Snickers 4g   <\/p>\n<p>Como una de las medicinas naturales m\u00e1s seguras y antiguas del planeta, se sabe que las ventajas para la salud del chocolate m\u00e1gico disminuyen la depresi\u00f3n y el estr\u00e9s, estimulan el crecimiento de las c\u00e9lulas cerebrales, agudizan los sentidos y aumentan la concentraci\u00f3n. Estas barritas de polkadot son las mejores tanto para una <a href=\"https:\/\/cartsbrand.com\/\" target=\"_blank\" rel=\"noopener\">microdosificaci\u00f3n<\/a> consciente como para una experiencia elevada total, s\u00f3lo depende de c\u00f3mo elijas comerlas. <\/p>\n","protected":false},"excerpt":{"rendered":"<ul>\n<li><strong>4 gramos<\/strong><\/li>\n<\/ul>\n","protected":false},"featured_media":1421,"comment_status":"open","ping_status":"closed","template":"","meta":[],"product_brand":[],"product_cat":[760],"product_tag":[825,832,824,833,831,834,835],"class_list":{"0":"post-1632","1":"product","2":"type-product","3":"status-publish","4":"has-post-thumbnail","6":"product_cat-sin-categoria","7":"product_tag-barras-de-polkadot","8":"product_tag-comprar-barritas-de-chocolate-polkadot-snickers-4g-champinon-cerca-de-mi","9":"product_tag-comprar-chocolatinas-polkadot-online","10":"product_tag-pedir-barritas-de-chocolate-polkadot-snickers-4g-champinon","11":"product_tag-venta-de-barritas-de-chocolate-polkadot-snickers-4g","12":"product_tag-venta-de-barritas-de-chocolate-polkadot-snickers-4g-champinon-precio-barato","13":"product_tag-venta-de-barritas-de-chocolate-polkadot-snickers-champinon","15":"first","16":"instock","17":"shipping-taxable","18":"purchasable","19":"product-type-simple"},"_links":{"self":[{"href":"https:\/\/shroombarsdc.com\/es\/wp-json\/wp\/v2\/product\/1632","targetHints":{"allow":["GET"]}}],"collection":[{"href":"https:\/\/shroombarsdc.com\/es\/wp-json\/wp\/v2\/product"}],"about":[{"href":"https:\/\/shroombarsdc.com\/es\/wp-json\/wp\/v2\/types\/product"}],"replies":[{"embeddable":true,"href":"https:\/\/shroombarsdc.com\/es\/wp-json\/wp\/v2\/comments?post=1632"}],"wp:featuredmedia":[{"embeddable":true,"href":"https:\/\/shroombarsdc.com\/es\/wp-json\/wp\/v2\/media\/1421"}],"wp:attachment":[{"href":"https:\/\/shroombarsdc.com\/es\/wp-json\/wp\/v2\/media?parent=1632"}],"wp:term":[{"taxonomy":"product_brand","embeddable":true,"href":"https:\/\/shroombarsdc.com\/es\/wp-json\/wp\/v2\/product_brand?post=1632"},{"taxonomy":"product_cat","embeddable":true,"href":"https:\/\/shroombarsdc.com\/es\/wp-json\/wp\/v2\/product_cat?post=1632"},{"taxonomy":"product_tag","embeddable":true,"href":"https:\/\/shroombarsdc.com\/es\/wp-json\/wp\/v2\/product_tag?post=1632"}],"curies":[{"name":"wp","href":"https:\/\/api.w.org\/{rel}","templated":true}]}}