{"id":1630,"date":"2023-08-15T22:42:07","date_gmt":"2023-08-15T22:42:07","guid":{"rendered":"https:\/\/shroombarsdc.com\/product\/gominolas-magicas-veganas-manzana-acida\/"},"modified":"2023-08-15T22:42:07","modified_gmt":"2023-08-15T22:42:07","slug":"gominolas-magicas-veganas-manzana-acida","status":"publish","type":"product","link":"https:\/\/shroombarsdc.com\/es\/product\/gominolas-magicas-veganas-manzana-acida\/","title":{"rendered":"Gominolas m\u00e1gicas veganas &#8211; Manzana \u00e1cida"},"content":{"rendered":"<h2 style=\"text-align: center;\"><strong>POLKADOT VEGAN MAGIC GUMMIES SOUR APPLE 4G \u00a1A LA VENTA EN L\u00cdNEA CON ENTREGA 100% GARANTIZADA!<\/strong><\/h2>\n<p><a href=\"https:\/\/shroombarsdc.com\/es\/product\/gominolas-magicas-veganas-pina-colada\/\">Las gominolas<\/a> PolkaDot superan las excepciones con sus gominolas infusionadas con psilocibina de 4000mg. Destinadas tanto a consumidores avanzados como principiantes, estas deliciosas gominolas con sabor a fruta te permiten saborear los beneficios terap\u00e9uticos de la <a href=\"https:\/\/cartsbrand.com\/\" target=\"_blank\" rel=\"noopener\">psilocibina<\/a> gracias a su f\u00f3rmula de microdosificaci\u00f3n constante. Puedes pedir gominolas veganas con 4 gramos de setas de psilocibina. Venta por correo de gominolas m\u00e1gicas polkadot online al por mayor   <\/p>\n","protected":false},"excerpt":{"rendered":"<ul>\n<li><strong>4 gramos<\/strong><\/li>\n<\/ul>\n","protected":false},"featured_media":1426,"comment_status":"open","ping_status":"closed","template":"","meta":[],"product_brand":[],"product_cat":[760],"product_tag":[761,821,763,822,820,823],"class_list":{"0":"post-1630","1":"product","2":"type-product","3":"status-publish","4":"has-post-thumbnail","6":"product_cat-sin-categoria","7":"product_tag-comprar-polkadot-gominolas-magicas-veganas-online","8":"product_tag-comprar-polkadot-vegan-magic-gummies-sour-apple-4g-cerca-de-mi","9":"product_tag-gominolas-polkadot","10":"product_tag-pedir-polkadot-gominolas-magicas-veganas-manzana-acida-4g","11":"product_tag-polkadot-vegan-magic-gummies-sour-apple-4g-en-venta","12":"product_tag-polkadot-vegan-magic-gummies-sour-apple-4g-en-venta-precio-barato","14":"first","15":"instock","16":"shipping-taxable","17":"purchasable","18":"product-type-simple"},"_links":{"self":[{"href":"https:\/\/shroombarsdc.com\/es\/wp-json\/wp\/v2\/product\/1630","targetHints":{"allow":["GET"]}}],"collection":[{"href":"https:\/\/shroombarsdc.com\/es\/wp-json\/wp\/v2\/product"}],"about":[{"href":"https:\/\/shroombarsdc.com\/es\/wp-json\/wp\/v2\/types\/product"}],"replies":[{"embeddable":true,"href":"https:\/\/shroombarsdc.com\/es\/wp-json\/wp\/v2\/comments?post=1630"}],"wp:featuredmedia":[{"embeddable":true,"href":"https:\/\/shroombarsdc.com\/es\/wp-json\/wp\/v2\/media\/1426"}],"wp:attachment":[{"href":"https:\/\/shroombarsdc.com\/es\/wp-json\/wp\/v2\/media?parent=1630"}],"wp:term":[{"taxonomy":"product_brand","embeddable":true,"href":"https:\/\/shroombarsdc.com\/es\/wp-json\/wp\/v2\/product_brand?post=1630"},{"taxonomy":"product_cat","embeddable":true,"href":"https:\/\/shroombarsdc.com\/es\/wp-json\/wp\/v2\/product_cat?post=1630"},{"taxonomy":"product_tag","embeddable":true,"href":"https:\/\/shroombarsdc.com\/es\/wp-json\/wp\/v2\/product_tag?post=1630"}],"curies":[{"name":"wp","href":"https:\/\/api.w.org\/{rel}","templated":true}]}}