{"id":1629,"date":"2023-08-16T00:05:15","date_gmt":"2023-08-16T00:05:15","guid":{"rendered":"https:\/\/shroombarsdc.com\/product\/polkadot-shots-fresa\/"},"modified":"2023-08-16T00:05:15","modified_gmt":"2023-08-16T00:05:15","slug":"polkadot-shots-fresa","status":"publish","type":"product","link":"https:\/\/shroombarsdc.com\/es\/product\/polkadot-shots-fresa\/","title":{"rendered":"Polkadot Shots | Fresa"},"content":{"rendered":"<h2 style=\"text-align: center;\"><strong>\u00a1POLKADOT SHOTS 4G BEBIDA INFUSIONADA DE FRESA Y CHAMPI\u00d1ONES EN VENTA ONLINE CON ENTREGA 100% GARANTIZADA!<\/strong><\/h2>\n<p>Viaja con esto: <a href=\"https:\/\/shroombarsdc.com\/es\/product\/polkadot-shots-uva\/\">Chupitos<\/a> de Seta Polka Dot. Empieza tu aventura con 4 gramos de psilocibina en forma de delicioso chupito. F\u00e1ciles de beber y garantizados para llevarte a nuevas alturas, estos chupitos toman todo lo que te gusta de los &#8216;shooms y lo ponen en forma l\u00edquida. \u00bfQu\u00e9 m\u00e1s se puede pedir? S\u00f3lo tienes que dispensar el sabor, beberlo e ir a la <a href=\"http:\/\/google.com\" target=\"_blank\" rel=\"noopener\">luna<\/a>. comprar polka shots bebida de fresa online al por mayor    <\/p>\n","protected":false},"excerpt":{"rendered":"<ul>\n<li><strong>4 gramos<\/strong><\/li>\n<\/ul>\n","protected":false},"featured_media":1430,"comment_status":"open","ping_status":"closed","template":"","meta":[],"product_brand":[],"product_cat":[760],"product_tag":[788,791,817,819,818,793,790,816],"class_list":{"0":"post-1629","1":"product","2":"type-product","3":"status-publish","4":"has-post-thumbnail","6":"product_cat-sin-categoria","7":"product_tag-comprar-polka-shots-4g-bebida-infusionada-con-extracto-de-setas","8":"product_tag-comprar-polka-shots-4g-online","9":"product_tag-comprar-polkadot-shots-fresa-bebida-4g-cerca-de-mi","10":"product_tag-pedido-por-correo-polkadot-shots-extracto-de-setas-bebida-infusionada-fresa-4g-cerca-de-mi","11":"product_tag-pide-en-linea-la-bebida-infusionada-de-fresa-y-champinones-polka-shots","12":"product_tag-tiros-de-polca","13":"product_tag-venta-de-chupitos-de-polkadot-bebida-infusionada","14":"product_tag-venta-de-polkadot-shots-4g-bebida-con-infusion-de-fresa-y-champinones","16":"first","17":"instock","18":"shipping-taxable","19":"purchasable","20":"product-type-simple"},"_links":{"self":[{"href":"https:\/\/shroombarsdc.com\/es\/wp-json\/wp\/v2\/product\/1629","targetHints":{"allow":["GET"]}}],"collection":[{"href":"https:\/\/shroombarsdc.com\/es\/wp-json\/wp\/v2\/product"}],"about":[{"href":"https:\/\/shroombarsdc.com\/es\/wp-json\/wp\/v2\/types\/product"}],"replies":[{"embeddable":true,"href":"https:\/\/shroombarsdc.com\/es\/wp-json\/wp\/v2\/comments?post=1629"}],"wp:featuredmedia":[{"embeddable":true,"href":"https:\/\/shroombarsdc.com\/es\/wp-json\/wp\/v2\/media\/1430"}],"wp:attachment":[{"href":"https:\/\/shroombarsdc.com\/es\/wp-json\/wp\/v2\/media?parent=1629"}],"wp:term":[{"taxonomy":"product_brand","embeddable":true,"href":"https:\/\/shroombarsdc.com\/es\/wp-json\/wp\/v2\/product_brand?post=1629"},{"taxonomy":"product_cat","embeddable":true,"href":"https:\/\/shroombarsdc.com\/es\/wp-json\/wp\/v2\/product_cat?post=1629"},{"taxonomy":"product_tag","embeddable":true,"href":"https:\/\/shroombarsdc.com\/es\/wp-json\/wp\/v2\/product_tag?post=1629"}],"curies":[{"name":"wp","href":"https:\/\/api.w.org\/{rel}","templated":true}]}}