{"id":1625,"date":"2023-08-16T15:54:15","date_gmt":"2023-08-16T15:54:15","guid":{"rendered":"https:\/\/shroombarsdc.com\/product\/mr-mushies-tarta-de-queso-y-limon\/"},"modified":"2023-08-16T15:54:15","modified_gmt":"2023-08-16T15:54:15","slug":"mr-mushies-tarta-de-queso-y-limon","status":"publish","type":"product","link":"https:\/\/shroombarsdc.com\/es\/product\/mr-mushies-tarta-de-queso-y-limon\/","title":{"rendered":"Mr Mushies | Tarta de queso y lim\u00f3n"},"content":{"rendered":"<h2 style=\"text-align: center;\"><strong>COMPRAR BARRITAS DE TARTA DE QUESO Y LIM\u00d3N MR MUSHIES ONLINE AL POR MAYOR<\/strong><\/h2>\n<p>Los Mr. Mushies son la forma m\u00e1s f\u00e1cil y sabrosa de disfrutar de las setas de <a href=\"https:\/\/shroombarsdc.com\/es\/product\/mr-mushies-leche-de-cereales\/\">psilocibina<\/a>, sobre todo si no est\u00e1s seguro del sabor seco de las setas m\u00e1gicas. Chocolate suizo Mr. Mushie y setas m\u00e1gicas, no hay mejor d\u00fao. Te permite disfrutar de grandes sabores mientras masticas tus setas. Convenientemente divididas en trozos m\u00e1s peque\u00f1os para microdosificarlas. \u00a14 gramos por barrita! Comprar Barritas Mr Mushies Lemon Cheese Cake Online     <\/p>\n<h3><strong>\u00bfD\u00d3NDE PUEDO COMPRAR EN L\u00cdNEA BARRITAS DE TARTA DE QUESO Y LIM\u00d3N MR MUSHIES?<\/strong><\/h3>\n<p>Las barritas de chocolate con setas Mr mushies son una de las setas psicod\u00e9licas m\u00e1s populares y m\u00e1s vendidas del mercado en 2023, habiendo crecido en popularidad hacia finales del a\u00f1o pasado. Cada barrita de chocolate mr mushies 4g contiene una infusi\u00f3n de 4 gramos y est\u00e1 convenientemente dividida en trozos m\u00e1s peque\u00f1os que te permiten microdosificarla si tienes poca o ninguna tolerancia, lo que tambi\u00e9n la hace muy segura. Comprar tarta de queso y lim\u00f3n Mr Mushies con entrega cerca de m\u00ed  <\/p>\n<p><img decoding=\"async\" class=\"wp-image-586 aligncenter lazyload\" data-src=\"https:\/\/shroombarsdc.com\/wp-content\/uploads\/2023\/08\/Screen-Shot-2023-08-16-at-18.43.31.png\" alt=\"Comprar Barritas de Tarta de Queso y Lim\u00f3n Mr Mushies\" width=\"216\" height=\"271\" src=\"data:image\/svg+xml;base64,PHN2ZyB3aWR0aD0iMSIgaGVpZ2h0PSIxIiB4bWxucz0iaHR0cDovL3d3dy53My5vcmcvMjAwMC9zdmciPjwvc3ZnPg==\" style=\"--smush-placeholder-width: 216px; --smush-placeholder-aspect-ratio: 216\/271;\"><\/p>\n<h4><strong>VENTA DE BARRITAS DE CHOCOLATE CON SETAS MR MUSHIES CERCA DE MI<\/strong><\/h4>\n<p>Como una de las medicinas naturales m\u00e1s seguras y antiguas del planeta, las barritas de mr mushies son lo mejor tanto para una microdosificaci\u00f3n consciente como para una experiencia elevada total, s\u00f3lo depende de c\u00f3mo elijas comerlas. Pero te recomendamos que empieces con 2 \u00f3 3 trozos. Divididas en cuadrados, estas chocolatinas con <a href=\"https:\/\/cartsbrand.com\/\" target=\"_blank\" rel=\"noopener\">infusi\u00f3n<\/a> de psilocibina son pr\u00e1cticas por su naturaleza de dosis f\u00e1cil.  <\/p>\n<p>La psilocibina tiene muchas ventajas para la salud, como su capacidad para tratar el TEPT, la depresi\u00f3n y la adicci\u00f3n a sustancias como las drogas, los cigarrillos y el alcohol. Comprar Barritas de Tarta de Queso y Lim\u00f3n Mr Mushies <\/p>\n","protected":false},"excerpt":{"rendered":"<ul>\n<li><strong>4 gramos<\/strong><\/li>\n<\/ul>\n","protected":false},"featured_media":1433,"comment_status":"open","ping_status":"closed","template":"","meta":[],"product_brand":[],"product_cat":[762],"product_tag":[769,801,766,796,795,797,772,798,799,800,802,803,774,773,767,764],"class_list":{"0":"post-1625","1":"product","2":"type-product","3":"status-publish","4":"has-post-thumbnail","6":"product_cat-sr-mushies","7":"product_tag-bar-mr-mushies","8":"product_tag-barrita-de-chocolate-mr-mushies-4g","9":"product_tag-barritas-mr-mushies","10":"product_tag-comprar-barritas-de-chocolate-mr-mushies-lemon-cheese-cake-delivery","11":"product_tag-comprar-barritas-de-tarta-de-queso-y-limon-mr-mushies","12":"product_tag-encarga-en-linea-las-barritas-mr-mushies-lemon-cheese-cake-mushroom-bars","13":"product_tag-marca-mr-mushies","14":"product_tag-mr-mushies-4g-es","15":"product_tag-mr-mushies-california-es","16":"product_tag-mr-mushies-chocolate-es","17":"product_tag-mr-mushies-legal-es","18":"product_tag-mr-mushies-los-angeles-es","19":"product_tag-mr-mushies-price-es","20":"product_tag-revision-de-la-barrita-de-chocolate-mr-mushies","21":"product_tag-sr-mushi","22":"product_tag-venta-de-tabletas-de-chocolate-mr-mushies","24":"first","25":"instock","26":"sale","27":"shipping-taxable","28":"purchasable","29":"product-type-simple"},"_links":{"self":[{"href":"https:\/\/shroombarsdc.com\/es\/wp-json\/wp\/v2\/product\/1625","targetHints":{"allow":["GET"]}}],"collection":[{"href":"https:\/\/shroombarsdc.com\/es\/wp-json\/wp\/v2\/product"}],"about":[{"href":"https:\/\/shroombarsdc.com\/es\/wp-json\/wp\/v2\/types\/product"}],"replies":[{"embeddable":true,"href":"https:\/\/shroombarsdc.com\/es\/wp-json\/wp\/v2\/comments?post=1625"}],"wp:featuredmedia":[{"embeddable":true,"href":"https:\/\/shroombarsdc.com\/es\/wp-json\/wp\/v2\/media\/1433"}],"wp:attachment":[{"href":"https:\/\/shroombarsdc.com\/es\/wp-json\/wp\/v2\/media?parent=1625"}],"wp:term":[{"taxonomy":"product_brand","embeddable":true,"href":"https:\/\/shroombarsdc.com\/es\/wp-json\/wp\/v2\/product_brand?post=1625"},{"taxonomy":"product_cat","embeddable":true,"href":"https:\/\/shroombarsdc.com\/es\/wp-json\/wp\/v2\/product_cat?post=1625"},{"taxonomy":"product_tag","embeddable":true,"href":"https:\/\/shroombarsdc.com\/es\/wp-json\/wp\/v2\/product_tag?post=1625"}],"curies":[{"name":"wp","href":"https:\/\/api.w.org\/{rel}","templated":true}]}}