{"id":1621,"date":"2023-08-16T16:30:09","date_gmt":"2023-08-16T16:30:09","guid":{"rendered":"https:\/\/shroombarsdc.com\/product\/mr-mushies-gelato-de-mango\/"},"modified":"2023-08-16T16:30:09","modified_gmt":"2023-08-16T16:30:09","slug":"mr-mushies-gelato-de-mango","status":"publish","type":"product","link":"https:\/\/shroombarsdc.com\/es\/product\/mr-mushies-gelato-de-mango\/","title":{"rendered":"Mr Mushies | Gelato de Mango"},"content":{"rendered":"<h2 style=\"text-align: center;\"><strong>VENTA ONLINE DE TABLETAS DE CHOCOLATE HELADO DE MANGO MR MUSHIES CON ENTREGA GARANTIZADA<\/strong><\/h2>\n<p>Los Mr. Mushies son la forma m\u00e1s f\u00e1cil y sabrosa de disfrutar de <a href=\"https:\/\/shroombarsdc.com\/es\/product\/mr-mushies-jedi-mint\/\">las setas de<\/a> psilocibina, especialmente si no est\u00e1s seguro del sabor seco de las setas m\u00e1gicas. Chocolate suizo Mr. Mushie y setas m\u00e1gicas, no hay mejor d\u00fao. Te permite disfrutar de grandes sabores mientras masticas tus setas. Convenientemente divididas en trozos m\u00e1s peque\u00f1os para microdosificarlas. \u00a14 gramos por barrita! Venta en l\u00ednea de barritas de chocolate Mr Mushies Mango Gelato     <\/p>\n<h3><strong>\u00bfD\u00d3NDE PUEDO COMPRAR EN L\u00cdNEA BARRITAS DE HELADO DE MANGO MR MUSHIES?<\/strong><\/h3>\n<p>Las barritas de chocolate con setas Mr mushies son una de las setas psicod\u00e9licas m\u00e1s populares y m\u00e1s vendidas del mercado en 2023, habiendo crecido en popularidad hacia finales del a\u00f1o pasado. Cada barrita de chocolate mr mushies 4g contiene una infusi\u00f3n de 4 gramos y est\u00e1 convenientemente dividida en trozos m\u00e1s peque\u00f1os que te permiten microdosificarla si tienes poca o ninguna tolerancia, lo que tambi\u00e9n la hace muy segura. Comprar Barritas de Gelato de Mango Mr Mushies Online con entrega cerca de m\u00ed  <\/p>\n<p><img decoding=\"async\" class=\"wp-image-593 aligncenter lazyload\" data-src=\"https:\/\/shroombarsdc.com\/wp-content\/uploads\/2023\/08\/Screen-Shot-2023-08-16-at-19.16.42.png\" alt=\"Venta de barritas de chocolate Mr Mushies Mango Gelato\" width=\"206\" height=\"259\" src=\"data:image\/svg+xml;base64,PHN2ZyB3aWR0aD0iMSIgaGVpZ2h0PSIxIiB4bWxucz0iaHR0cDovL3d3dy53My5vcmcvMjAwMC9zdmciPjwvc3ZnPg==\" style=\"--smush-placeholder-width: 206px; --smush-placeholder-aspect-ratio: 206\/259;\"><\/p>\n<h4><strong>VENTA DE BARRITAS DE CHOCOLATE CON SETAS MR MUSHIES CERCA DE MI A GRANEL<\/strong><\/h4>\n<p>Como una de las medicinas naturales m\u00e1s seguras y antiguas del planeta, las barritas de mr mushies son lo mejor tanto para una microdosificaci\u00f3n consciente como para una experiencia elevada total, s\u00f3lo depende de c\u00f3mo elijas comerlas. Pero te recomendamos que empieces con 2 \u00f3 3 piezas.  Divididos en cuadrados, estos bombones con <a href=\"https:\/\/cartsbrand.com\/\" target=\"_blank\" rel=\"noopener\">infusi\u00f3n<\/a> de psilocibina son muy pr\u00e1cticos por su f\u00e1cil dosificaci\u00f3n.<\/p>\n<p>La psilocibina tiene muchas ventajas para la salud, incluida su capacidad para tratar el TEPT, la depresi\u00f3n y la adicci\u00f3n a sustancias como las drogas, los cigarrillos y el alcohol. Venta de barritas de chocolate Mr Mushies Mango Gelato <\/p>\n","protected":false},"excerpt":{"rendered":"<ul>\n<li><strong>4 gramos<\/strong><\/li>\n<\/ul>\n","protected":false},"featured_media":1437,"comment_status":"open","ping_status":"closed","template":"","meta":[],"product_brand":[],"product_cat":[762],"product_tag":[769,775,766,778,779,772,776,774,773,767,777,764],"class_list":{"0":"post-1621","1":"product","2":"type-product","3":"status-publish","4":"has-post-thumbnail","6":"product_cat-sr-mushies","7":"product_tag-bar-mr-mushies","8":"product_tag-barra-de-chocolate-mr-mushies","9":"product_tag-barritas-mr-mushies","10":"product_tag-comprar-mr-mushies-mango-gelato-chocolate-bars-delivery","11":"product_tag-encarga-en-linea-las-barritas-de-champinon-mr-mushies-mango-gelato","12":"product_tag-marca-mr-mushies","13":"product_tag-mr-mushies-dc-es","14":"product_tag-mr-mushies-price-es","15":"product_tag-revision-de-la-barrita-de-chocolate-mr-mushies","16":"product_tag-sr-mushi","17":"product_tag-venta-de-barritas-de-chocolate-mr-mushies-mango-gelato","18":"product_tag-venta-de-tabletas-de-chocolate-mr-mushies","20":"first","21":"instock","22":"shipping-taxable","23":"purchasable","24":"product-type-simple"},"_links":{"self":[{"href":"https:\/\/shroombarsdc.com\/es\/wp-json\/wp\/v2\/product\/1621","targetHints":{"allow":["GET"]}}],"collection":[{"href":"https:\/\/shroombarsdc.com\/es\/wp-json\/wp\/v2\/product"}],"about":[{"href":"https:\/\/shroombarsdc.com\/es\/wp-json\/wp\/v2\/types\/product"}],"replies":[{"embeddable":true,"href":"https:\/\/shroombarsdc.com\/es\/wp-json\/wp\/v2\/comments?post=1621"}],"wp:featuredmedia":[{"embeddable":true,"href":"https:\/\/shroombarsdc.com\/es\/wp-json\/wp\/v2\/media\/1437"}],"wp:attachment":[{"href":"https:\/\/shroombarsdc.com\/es\/wp-json\/wp\/v2\/media?parent=1621"}],"wp:term":[{"taxonomy":"product_brand","embeddable":true,"href":"https:\/\/shroombarsdc.com\/es\/wp-json\/wp\/v2\/product_brand?post=1621"},{"taxonomy":"product_cat","embeddable":true,"href":"https:\/\/shroombarsdc.com\/es\/wp-json\/wp\/v2\/product_cat?post=1621"},{"taxonomy":"product_tag","embeddable":true,"href":"https:\/\/shroombarsdc.com\/es\/wp-json\/wp\/v2\/product_tag?post=1621"}],"curies":[{"name":"wp","href":"https:\/\/api.w.org\/{rel}","templated":true}]}}