{"id":1654,"date":"2023-08-12T19:28:45","date_gmt":"2023-08-12T19:28:45","guid":{"rendered":"https:\/\/shroombarsdc.com\/politica-de-privacidad\/"},"modified":"2023-08-12T19:28:45","modified_gmt":"2023-08-12T19:28:45","slug":"politica-de-privacidad","status":"publish","type":"page","link":"https:\/\/shroombarsdc.com\/es\/politica-de-privacidad\/","title":{"rendered":"Pol\u00edtica de privacidad"},"content":{"rendered":"\t<section class=\"section\" id=\"section_1813098549\">\n\t\t<div class=\"bg section-bg fill bg-fill  bg-loaded\" >\n\n\t\t\t\n\t\t\t\n\t\t\t\n\n\t\t<\/div><!-- .section-bg -->\n\n\t\t<div class=\"section-content relative\">\n\t\t\t\n<div class=\"row\"  id=\"row-1982827153\">\n<div class=\"col small-12 large-12\"  ><div class=\"col-inner\"  >\n<h2 style=\"text-align: center;\"><strong><span style=\"color: #ffcc00;\">POL\u00cdTICA DE PRIVACIDAD<\/span><\/strong><\/h2>\n<p style=\"text-align: left;\"><strong><span style=\"color: #00ff00;\">La pol\u00edtica de Shroom Bars DC es respetar tu privacidad en relaci\u00f3n con cualquier informaci\u00f3n que podamos recopilar al utilizar nuestro sitio web. Esta Pol\u00edtica de Privacidad se aplica a SHROOM BARS DC; (en adelante, \u00abnosotros\u00bb, \u00abnos\u00bb, o \u00ab<a style=\"color: #00ff00;\" href=\"https:\/\/shroombarsdc.com\/es\/\">shroombarsdc.com<\/a>\u00ab). Respetamos tu privacidad y nos comprometemos a proteger la informaci\u00f3n personal identificable que puedas proporcionarnos a trav\u00e9s del Sitio Web. Hemos adoptado esta pol\u00edtica de privacidad (\u00abPol\u00edtica de privacidad\u00bb) para explicar qu\u00e9 informaci\u00f3n puede recopilarse en nuestro Sitio Web, c\u00f3mo utilizamos esta informaci\u00f3n y en qu\u00e9 circunstancias podemos revelarla a terceros. Esta Pol\u00edtica de Privacidad s\u00f3lo se aplica a la informaci\u00f3n que recopilamos a trav\u00e9s del Sitio Web y no se aplica a nuestra recopilaci\u00f3n de informaci\u00f3n de otras fuentes. Proveedores de barritas de chocolate con setas       <\/span><\/strong><\/p>\n<p style=\"text-align: left;\"><strong><span style=\"color: #00ff00;\">Esta Pol\u00edtica de Privacidad, junto con los T\u00e9rminos y condiciones publicados en nuestro Sitio Web, establecen las normas y pol\u00edticas generales que rigen el uso de nuestro Sitio Web. Dependiendo de las actividades que realices al visitar nuestro Sitio Web, es posible que se te pida que aceptes condiciones adicionales. <\/span><\/strong><\/p>\n<h3 style=\"text-align: left;\"><strong><span style=\"color: #ffcc00;\">VISITANTES DEL SITIO WEB<\/span><\/strong><\/h3>\n<p style=\"text-align: left;\"><strong><span style=\"color: #00ff00;\">Como la mayor\u00eda de los operadores de sitios web, Shroom Bars DC recopila informaci\u00f3n de identificaci\u00f3n no personal del tipo que los navegadores y servidores web suelen poner a disposici\u00f3n, como el tipo de navegador, la preferencia de idioma, el sitio de referencia y la fecha y hora de cada solicitud de visitante. Nuestro prop\u00f3sito al recopilar informaci\u00f3n de identificaci\u00f3n no personal es comprender mejor c\u00f3mo utilizan nuestros visitantes su sitio web. Comprar tabletas de chocolate cerca de m\u00ed  <\/span><\/strong><\/p>\n<p style=\"text-align: left;\"><strong><span style=\"color: #00ff00;\">De vez en cuando, podemos publicar informaci\u00f3n de identificaci\u00f3n no personal en conjunto, por ejemplo, mediante la publicaci\u00f3n de un informe sobre las tendencias en el uso de su sitio web. Comprar gominolas de setas online   <\/span><\/strong><\/p>\n<p style=\"text-align: left;\"><strong><span style=\"color: #00ff00;\">Shroom Bars DC tambi\u00e9n recopila informaci\u00f3n potencial de identificaci\u00f3n personal, como las direcciones IP (Protocolo de Internet) de los usuarios registrados y de los usuarios que dejan comentarios en nuestras entradas. S\u00f3lo revelamos las direcciones IP de los usuarios registrados y de los comentaristas en las mismas circunstancias que utilizamos y revelamos la informaci\u00f3n de identificaci\u00f3n personal, tal como se describe a continuaci\u00f3n. <\/span><\/strong><\/p>\n<h3 style=\"text-align: left;\"><strong><span style=\"color: #ffcc00;\">RECOPILACI\u00d3N DE INFORMACI\u00d3N DE IDENTIFICACI\u00d3N PERSONAL<\/span><\/strong><\/h3>\n<p style=\"text-align: left;\"><strong><span style=\"color: #00ff00;\">Algunos visitantes de nuestros sitios web eligen interactuar con Shroom Bars DC de formas que nos obligan a recopilar informaci\u00f3n de identificaci\u00f3n personal. La cantidad y el tipo de informaci\u00f3n que recopilamos depende de la naturaleza de la interacci\u00f3n. Por ejemplo, pedimos a los visitantes que se registran en un blog que proporcionen un nombre de usuario y una direcci\u00f3n de correo electr\u00f3nico.  <\/span><\/strong><\/p>\n<h3 style=\"text-align: left;\"><strong><span style=\"color: #ffcc00;\">SEGURIDAD<\/span><\/strong><\/h3>\n<p style=\"text-align: left;\"><strong><span style=\"color: #00ff00;\">La seguridad de tus Datos Personales es importante para nosotros, pero recuerda que ning\u00fan m\u00e9todo de transmisi\u00f3n a trav\u00e9s de Internet, o m\u00e9todo de almacenamiento electr\u00f3nico es 100% seguro. Aunque nos esforzamos por utilizar medios comercialmente aceptables para proteger tus Datos Personales, no podemos garantizar su seguridad absoluta. <\/span><\/strong><\/p>\n<h3 style=\"text-align: left;\"><strong><span style=\"color: #ffcc00;\">ANUNCIOS<\/span><\/strong><\/h3>\n<p style=\"text-align: left;\"><strong><span style=\"color: #00ff00;\">Los anuncios que aparecen en nuestro sitio web pueden ser enviados a los usuarios por socios publicitarios, que pueden instalar cookies. Estas cookies permiten al servidor de anuncios reconocer tu ordenador cada vez que te env\u00edan un anuncio en l\u00ednea para recopilar informaci\u00f3n sobre ti o sobre otras personas que utilizan tu ordenador. Esta informaci\u00f3n permite a las redes publicitarias, entre otras cosas, enviar anuncios dirigidos que creen que ser\u00e1n de mayor inter\u00e9s para ti. Esta Pol\u00edtica de Privacidad cubre el uso de cookies por parte de Shroom Bars DC y no cubre el uso de cookies por parte de ning\u00fan anunciante. Comprar setas m\u00e1gicas en Reino Unido, EE.UU.      <\/span><\/strong><\/p>\n<h3 style=\"text-align: left;\"><strong><span style=\"color: #ffcc00;\">ENLACES A SITIOS EXTERNOS<\/span><\/strong><\/h3>\n<p style=\"text-align: left;\"><strong><span style=\"color: #00ff00;\">Nuestro Servicio puede contener enlaces a sitios externos que no son operados por nosotros. Si haces clic en un enlace de terceros, ser\u00e1s dirigido al sitio de ese tercero. Te recomendamos encarecidamente que revises la Pol\u00edtica de Privacidad y los t\u00e9rminos y condiciones de cada sitio que visites.  <\/span><\/strong><\/p>\n<p style=\"text-align: left;\"><strong><span style=\"color: #00ff00;\">No tenemos ning\u00fan control sobre el contenido, las pol\u00edticas de privacidad o las pr\u00e1cticas de los sitios, productos o servicios de terceros, ni asumimos ninguna responsabilidad al respecto.<\/span><\/strong><\/p>\n<h3 style=\"text-align: left;\"><strong><span style=\"color: #ffcc00;\">ESTAD\u00cdSTICAS AGREGADAS<\/span><\/strong><\/h3>\n<p style=\"text-align: left;\"><strong><span style=\"color: #00ff00;\">Podemos recopilar estad\u00edsticas sobre el comportamiento de los visitantes de su sitio web. Shroom Bars DC puede mostrar esta informaci\u00f3n p\u00fablicamente o facilit\u00e1rsela a otros. Sin embargo, no revelamos tu informaci\u00f3n de identificaci\u00f3n personal.  <\/span><\/strong><\/p>\n<h3 style=\"text-align: left;\"><strong><span style=\"color: #ffcc00;\">COOKIES<\/span><\/strong><\/h3>\n<p style=\"text-align: left;\"><strong><span style=\"color: #00ff00;\">Para enriquecer y perfeccionar tu experiencia en l\u00ednea, Shroom Bars DC utiliza \u00abCookies\u00bb, tecnolog\u00edas similares y servicios prestados por terceros para mostrar contenidos personalizados, publicidad adecuada y almacenar tus preferencias en tu ordenador. Barritas de chocolate con setas sitios web en l\u00ednea   <\/span><\/strong><\/p>\n<p style=\"text-align: left;\"><strong><span style=\"color: #00ff00;\">Una cookie es una cadena de informaci\u00f3n que un sitio web almacena en el ordenador de un visitante, y que el navegador del visitante proporciona al sitio web cada vez que el visitante vuelve. Shroom Bars DC utiliza cookies para ayudarnos a identificar y rastrear a los visitantes, su uso de <a style=\"color: #00ff00;\" href=\"https:\/\/shroombarsdc.com\/es\/\">https:\/\/shroombarsdc.com\/<\/a> y sus preferencias de acceso al sitio web. Los visitantes que no deseen que se instalen cookies en sus ordenadores deben configurar sus navegadores para que rechacen las cookies antes de utilizar los sitios web de Shroom Bars DC, con el inconveniente de que algunas caracter\u00edsticas de nuestros sitios web pueden no funcionar correctamente sin la ayuda de las cookies.  <\/span><\/strong><\/p>\n<p style=\"text-align: left;\"><strong><span style=\"color: #00ff00;\">Al continuar navegando por nuestro sitio web sin cambiar tu configuraci\u00f3n de cookies, reconoces y aceptas el uso de cookies por parte de Shroom Bars DC.<\/span><\/strong><\/p>\n<h3 style=\"text-align: left;\"><strong><span style=\"color: #ffcc00;\">COMERCIO ELECTR\u00d3NICO<\/span><\/strong><\/h3>\n<p style=\"text-align: left;\"><strong><span style=\"color: #00ff00;\">A quienes realizan transacciones con nosotros -comprando servicios o productos de Shroom Bars DC- se les pide que proporcionen informaci\u00f3n adicional, incluida la informaci\u00f3n personal y financiera necesaria para procesar dichas transacciones. En cada caso, recogemos dicha informaci\u00f3n s\u00f3lo en la medida en que sea necesaria o apropiada para cumplir el prop\u00f3sito de la interacci\u00f3n del visitante con nosotros. Shroom Bars DC no revela informaci\u00f3n de identificaci\u00f3n personal distinta de la que se describe a continuaci\u00f3n. Y los visitantes siempre pueden negarse a facilitar informaci\u00f3n de identificaci\u00f3n personal, con la advertencia de que ello puede impedirles participar en determinadas actividades relacionadas con el sitio web.   <\/span><\/strong><\/p>\n<h3 style=\"text-align: left;\"><strong><span style=\"color: #ffcc00;\">CAMBIOS EN LA POL\u00cdTICA DE PRIVACIDAD<\/span><\/strong><\/h3>\n<p style=\"text-align: left;\"><strong><span style=\"color: #00ff00;\">Aunque es probable que la mayor\u00eda de los cambios sean menores, Shroom Bars DC puede cambiar su Pol\u00edtica de Privacidad de vez en cuando, y a la entera discreci\u00f3n de Shroom Bars DC. Animamos a los visitantes a que comprueben con frecuencia esta p\u00e1gina para ver si se han producido cambios en su Pol\u00edtica de Privacidad. Tu uso continuado de este sitio despu\u00e9s de cualquier cambio en esta Pol\u00edtica de Privacidad constituir\u00e1 tu aceptaci\u00f3n de dicho cambio. Comprar barritas de chocolate con setas en l\u00ednea.   <\/span><\/strong><\/p>\n<\/div><\/div>\n<\/div>\n\t\t<\/div><!-- .section-content -->\n\n\t\t\n<style scope=\"scope\">\n\n#section_1813098549 {\n  padding-top: 30px;\n  padding-bottom: 30px;\n  background-color: rgba(221, 73, 51, 0.9);\n}\n<\/style>\n\t<\/section>\n\t\n","protected":false},"excerpt":{"rendered":"","protected":false},"author":1,"featured_media":0,"parent":0,"menu_order":0,"comment_status":"closed","ping_status":"closed","template":"page-blank.php","meta":{"footnotes":""},"class_list":["post-1654","page","type-page","status-publish","hentry"],"_links":{"self":[{"href":"https:\/\/shroombarsdc.com\/es\/wp-json\/wp\/v2\/pages\/1654","targetHints":{"allow":["GET"]}}],"collection":[{"href":"https:\/\/shroombarsdc.com\/es\/wp-json\/wp\/v2\/pages"}],"about":[{"href":"https:\/\/shroombarsdc.com\/es\/wp-json\/wp\/v2\/types\/page"}],"author":[{"embeddable":true,"href":"https:\/\/shroombarsdc.com\/es\/wp-json\/wp\/v2\/users\/1"}],"replies":[{"embeddable":true,"href":"https:\/\/shroombarsdc.com\/es\/wp-json\/wp\/v2\/comments?post=1654"}],"version-history":[{"count":0,"href":"https:\/\/shroombarsdc.com\/es\/wp-json\/wp\/v2\/pages\/1654\/revisions"}],"wp:attachment":[{"href":"https:\/\/shroombarsdc.com\/es\/wp-json\/wp\/v2\/media?parent=1654"}],"curies":[{"name":"wp","href":"https:\/\/api.w.org\/{rel}","templated":true}]}}