{"id":1652,"date":"2023-08-14T18:41:24","date_gmt":"2023-08-14T18:41:24","guid":{"rendered":"https:\/\/shroombarsdc.com\/politica-de-envios-y-devoluciones\/"},"modified":"2023-08-14T18:41:24","modified_gmt":"2023-08-14T18:41:24","slug":"politica-de-envios-y-devoluciones","status":"publish","type":"page","link":"https:\/\/shroombarsdc.com\/es\/politica-de-envios-y-devoluciones\/","title":{"rendered":"Pol\u00edtica de env\u00edos y devoluciones"},"content":{"rendered":"\t<section class=\"section\" id=\"section_1947600060\">\n\t\t<div class=\"bg section-bg fill bg-fill  bg-loaded\" >\n\n\t\t\t\n\t\t\t\n\t\t\t\n\n\t\t<\/div><!-- .section-bg -->\n\n\t\t<div class=\"section-content relative\">\n\t\t\t\n<div class=\"row\"  id=\"row-1392422942\">\n<div class=\"col small-12 large-12\"  ><div class=\"col-inner\"  >\n<h2 style=\"text-align: center;\"><span style=\"color: #ffcc00;\"><strong>POL\u00cdTICA DE ENV\u00cdOS Y DEVOLUCIONES<\/strong><\/span><\/h2>\n<p><span style=\"color: #00ff00;\">Todos los pedidos se enviar\u00e1n en un plazo de 24 horas tras la confirmaci\u00f3n del pago. La mayor\u00eda de los pedidos se entregar\u00e1n en la puerta de tu casa en un plazo de 2 a 3 d\u00edas laborables dentro de EEUU. Ten en cuenta que los env\u00edos a lugares remotos pueden tardar hasta 5 d\u00edas laborables. Enviamos a todas las ciudades y estados de EE.UU. y Canad\u00e1. No dudes en hacer tus pedidos, te los entregaremos sin problemas y con toda discreci\u00f3n. \u00a1Tenemos productos de primera calidad a precios incre\u00edbles y nuestro excelente servicio de atenci\u00f3n al cliente nos convierte en el mejor lugar para comprar setas, barritas de chocolate y gominolas!     <\/span><\/p>\n<h2 class=\"uppercase\" style=\"text-align: center;\"><span style=\"color: #ffcc00;\"><b>POL\u00cdTICA DE DEVOLUCI\u00d3N<\/b><\/span><\/h2>\n<h3><span style=\"color: #ffcc00;\"><strong>Visi\u00f3n general<\/strong><\/span><\/h3>\n<p><span style=\"color: #00ff00;\"><strong>Nuestra pol\u00edtica de devoluciones s\u00f3lo dura 15 d\u00edas. Si han pasado 15 d\u00edas desde la entrega de tu pedido, no podemos ofrecerte un reembolso o cambio completo. Para poder optar a una devoluci\u00f3n, tu art\u00edculo debe estar sin usar y en las mismas condiciones en las que lo recibiste. Tambi\u00e9n debe estar en su embalaje original.   <\/strong><\/span><\/p>\n<p><span style=\"color: #00ff00;\"><strong>Para completar tu devoluci\u00f3n, necesitamos un recibo o prueba de compra.<\/strong><\/span><\/p>\n<p><span style=\"color: #00ff00;\"><strong style=\"font-size: 14.4px;\">Por favor, no devuelvas tu compra sin antes ponerte en contacto con nosotros en info@shroombarsdc.com.<\/strong><\/span><\/p>\n<h3><span style=\"color: #ffcc00;\"><strong>Devoluciones<\/strong><\/span><\/h3>\n<p><span style=\"color: #00ff00;\"><strong>Una vez recibida e inspeccionada tu devoluci\u00f3n, te enviaremos un correo electr\u00f3nico para notificarte que hemos recibido tu art\u00edculo devuelto. Tambi\u00e9n te notificaremos la aprobaci\u00f3n o rechazo de tu devoluci\u00f3n. <\/strong><\/span><\/p>\n<p><span style=\"color: #00ff00;\"><strong>Si se aprueba, se procesar\u00e1 tu devoluci\u00f3n y recibir\u00e1s el reembolso a trav\u00e9s del m\u00e9todo de pago original en un plazo determinado de d\u00edas<\/strong>.<\/span><\/p>\n<h4><span style=\"color: #ffcc00;\"><b>Reembolsos atrasados o faltantes<\/b><\/span><\/h4>\n<p><span style=\"color: #00ff00;\"><strong>Si a\u00fan no has recibido el reembolso, comprueba primero de nuevo tu cuenta bancaria o el medio que utilizaste para realizar el pago. Si has hecho todo esto y a\u00fan no has recibido el reembolso, ponte en contacto con nosotros en {info@shroombarsdc.com}. <\/strong><\/span><\/p>\n<h3><span style=\"color: #ffcc00;\"><strong>Devoluciones<\/strong><\/span><\/h3>\n<p><span style=\"color: #00ff00;\"><strong>Para devolver tu producto, debes enviarlo por correo a la direcci\u00f3n que se te facilitar\u00e1 una vez presentada la reclamaci\u00f3n.<\/strong><\/span><\/p>\n<p><span style=\"color: #00ff00;\"><strong>Ser\u00e1s responsable de pagar tus propios gastos de env\u00edo para devolver el art\u00edculo. Los gastos de env\u00edo no son reembolsables.  Si recibes un reembolso, el coste del env\u00edo de devoluci\u00f3n se deducir\u00e1 de tu reembolso.<\/strong><\/span><\/p>\n<p><span style=\"color: #00ff00;\"><strong>Dependiendo de d\u00f3nde vivas, el tiempo que puede tardar en llegarte tu producto intercambiado puede variar.<\/strong><\/span><\/p>\n<h3><span style=\"color: #ffcc00;\"><strong>\u00bfAyuda?<\/strong><\/span><\/h3>\n<p><span style=\"color: #00ff00;\"><strong>Ponte en contacto con nosotros en info@shroombarsdc.com para cuestiones relacionadas con reembolsos y devoluciones.<\/strong><\/span><\/p>\n<\/div><\/div>\n<\/div>\n\t\t<\/div><!-- .section-content -->\n\n\t\t\n<style scope=\"scope\">\n\n#section_1947600060 {\n  padding-top: 30px;\n  padding-bottom: 30px;\n  background-color: rgba(221, 73, 51, 0.9);\n}\n<\/style>\n\t<\/section>\n\t\n","protected":false},"excerpt":{"rendered":"","protected":false},"author":1,"featured_media":0,"parent":0,"menu_order":0,"comment_status":"closed","ping_status":"closed","template":"page-blank.php","meta":{"footnotes":""},"class_list":["post-1652","page","type-page","status-publish","hentry"],"_links":{"self":[{"href":"https:\/\/shroombarsdc.com\/es\/wp-json\/wp\/v2\/pages\/1652","targetHints":{"allow":["GET"]}}],"collection":[{"href":"https:\/\/shroombarsdc.com\/es\/wp-json\/wp\/v2\/pages"}],"about":[{"href":"https:\/\/shroombarsdc.com\/es\/wp-json\/wp\/v2\/types\/page"}],"author":[{"embeddable":true,"href":"https:\/\/shroombarsdc.com\/es\/wp-json\/wp\/v2\/users\/1"}],"replies":[{"embeddable":true,"href":"https:\/\/shroombarsdc.com\/es\/wp-json\/wp\/v2\/comments?post=1652"}],"version-history":[{"count":0,"href":"https:\/\/shroombarsdc.com\/es\/wp-json\/wp\/v2\/pages\/1652\/revisions"}],"wp:attachment":[{"href":"https:\/\/shroombarsdc.com\/es\/wp-json\/wp\/v2\/media?parent=1652"}],"curies":[{"name":"wp","href":"https:\/\/api.w.org\/{rel}","templated":true}]}}